{"id":7824,"date":"2022-03-30T09:27:36","date_gmt":"2022-03-30T07:27:36","guid":{"rendered":"http:\/\/helty-2022.mentine.net\/profesionales\/"},"modified":"2024-07-22T14:36:28","modified_gmt":"2024-07-22T12:36:28","slug":"profesionales","status":"publish","type":"page","link":"https:\/\/helty-2022.mentine.net\/es\/profesionales\/","title":{"rendered":"Profesionales"},"content":{"rendered":"","protected":false},"excerpt":{"rendered":"","protected":false},"author":1,"featured_media":0,"parent":0,"menu_order":94,"comment_status":"closed","ping_status":"closed","template":"","meta":{"_acf_changed":false,"inline_featured_image":false,"footnotes":""},"class_list":["post-7824","page","type-page","status-publish","hentry"],"acf":[],"yoast_head":"<!-- This site is optimized with the Yoast SEO plugin v27.1.1 - https:\/\/yoast.com\/product\/yoast-seo-wordpress\/ -->\n<title>Sistemas VMI Helty: servicios y formaci\u00f3n para profesionales e instaladores<\/title>\n<meta name=\"description\" content=\"Helty apoya a los profesionales que dise\u00f1an, ofrecen e instalan sistemas de VMI con soluciones, servicios y formaci\u00f3n espec\u00edfica.\" \/>\n<meta name=\"robots\" content=\"noindex, follow, max-snippet:-1, max-image-preview:large, max-video-preview:-1\" \/>\n<meta property=\"og:locale\" content=\"es_ES\" \/>\n<meta property=\"og:type\" content=\"article\" \/>\n<meta property=\"og:title\" content=\"Sistemas VMI Helty: servicios y formaci\u00f3n para profesionales e instaladores\" \/>\n<meta property=\"og:description\" content=\"Helty apoya a los profesionales que dise\u00f1an, ofrecen e instalan sistemas de VMI con soluciones, servicios y formaci\u00f3n espec\u00edfica.\" \/>\n<meta property=\"og:url\" content=\"https:\/\/helty-2022.mentine.net\/es\/profesionales\/\" \/>\n<meta property=\"og:site_name\" content=\"Helty\" \/>\n<meta property=\"article:publisher\" content=\"https:\/\/www.facebook.com\/HeltyOfficial\" \/>\n<meta property=\"article:modified_time\" content=\"2024-07-22T12:36:28+00:00\" \/>\n<meta name=\"twitter:card\" content=\"summary_large_image\" \/>\n<script type=\"application\/ld+json\" class=\"yoast-schema-graph\">{\"@context\":\"https:\/\/schema.org\",\"@graph\":[{\"@type\":\"WebPage\",\"@id\":\"https:\/\/helty-2022.mentine.net\/es\/profesionales\/\",\"url\":\"https:\/\/helty-2022.mentine.net\/es\/profesionales\/\",\"name\":\"Sistemas VMI Helty: servicios y formaci\u00f3n para profesionales e instaladores\",\"isPartOf\":{\"@id\":\"https:\/\/helty-2022.mentine.net\/es\/#website\"},\"datePublished\":\"2022-03-30T07:27:36+00:00\",\"dateModified\":\"2024-07-22T12:36:28+00:00\",\"description\":\"Helty apoya a los profesionales que dise\u00f1an, ofrecen e instalan sistemas de VMI con soluciones, servicios y formaci\u00f3n espec\u00edfica.\",\"breadcrumb\":{\"@id\":\"https:\/\/helty-2022.mentine.net\/es\/profesionales\/#breadcrumb\"},\"inLanguage\":\"es\",\"potentialAction\":[{\"@type\":\"ReadAction\",\"target\":[\"https:\/\/helty-2022.mentine.net\/es\/profesionales\/\"]}]},{\"@type\":\"BreadcrumbList\",\"@id\":\"https:\/\/helty-2022.mentine.net\/es\/profesionales\/#breadcrumb\",\"itemListElement\":[{\"@type\":\"ListItem\",\"position\":1,\"name\":\"Home\",\"item\":\"https:\/\/helty-2022.mentine.net\/es\/\"},{\"@type\":\"ListItem\",\"position\":2,\"name\":\"Profesionales\"}]},{\"@type\":\"WebSite\",\"@id\":\"https:\/\/helty-2022.mentine.net\/es\/#website\",\"url\":\"https:\/\/helty-2022.mentine.net\/es\/\",\"name\":\"Helty\",\"description\":\"Aria pura per la tua casa\",\"publisher\":{\"@id\":\"https:\/\/helty-2022.mentine.net\/es\/#organization\"},\"potentialAction\":[{\"@type\":\"SearchAction\",\"target\":{\"@type\":\"EntryPoint\",\"urlTemplate\":\"https:\/\/helty-2022.mentine.net\/es\/?s={search_term_string}\"},\"query-input\":{\"@type\":\"PropertyValueSpecification\",\"valueRequired\":true,\"valueName\":\"search_term_string\"}}],\"inLanguage\":\"es\"},{\"@type\":\"Organization\",\"@id\":\"https:\/\/helty-2022.mentine.net\/es\/#organization\",\"name\":\"Helty srl\",\"url\":\"https:\/\/helty-2022.mentine.net\/es\/\",\"logo\":{\"@type\":\"ImageObject\",\"inLanguage\":\"es\",\"@id\":\"https:\/\/helty-2022.mentine.net\/es\/#\/schema\/logo\/image\/\",\"url\":\"http:\/\/helty-2022.mentine.net\/wp-content\/uploads\/2022\/02\/Helty_logo_payoff1.jpg\",\"contentUrl\":\"http:\/\/helty-2022.mentine.net\/wp-content\/uploads\/2022\/02\/Helty_logo_payoff1.jpg\",\"width\":2000,\"height\":793,\"caption\":\"Helty srl\"},\"image\":{\"@id\":\"https:\/\/helty-2022.mentine.net\/es\/#\/schema\/logo\/image\/\"},\"sameAs\":[\"https:\/\/www.facebook.com\/HeltyOfficial\",\"https:\/\/www.instagram.com\/heltysrl\",\"https:\/\/www.linkedin.com\/company\/18785237\/\",\"https:\/\/www.youtube.com\/channel\/UCX9keynBErdTMgZoqTHd-iQ\/\"]}]}<\/script>\n<!-- \/ Yoast SEO plugin. -->","yoast_head_json":{"title":"Sistemas VMI Helty: servicios y formaci\u00f3n para profesionales e instaladores","description":"Helty apoya a los profesionales que dise\u00f1an, ofrecen e instalan sistemas de VMI con soluciones, servicios y formaci\u00f3n espec\u00edfica.","robots":{"index":"noindex","follow":"follow","max-snippet":"max-snippet:-1","max-image-preview":"max-image-preview:large","max-video-preview":"max-video-preview:-1"},"og_locale":"es_ES","og_type":"article","og_title":"Sistemas VMI Helty: servicios y formaci\u00f3n para profesionales e instaladores","og_description":"Helty apoya a los profesionales que dise\u00f1an, ofrecen e instalan sistemas de VMI con soluciones, servicios y formaci\u00f3n espec\u00edfica.","og_url":"https:\/\/helty-2022.mentine.net\/es\/profesionales\/","og_site_name":"Helty","article_publisher":"https:\/\/www.facebook.com\/HeltyOfficial","article_modified_time":"2024-07-22T12:36:28+00:00","twitter_card":"summary_large_image","schema":{"@context":"https:\/\/schema.org","@graph":[{"@type":"WebPage","@id":"https:\/\/helty-2022.mentine.net\/es\/profesionales\/","url":"https:\/\/helty-2022.mentine.net\/es\/profesionales\/","name":"Sistemas VMI Helty: servicios y formaci\u00f3n para profesionales e instaladores","isPartOf":{"@id":"https:\/\/helty-2022.mentine.net\/es\/#website"},"datePublished":"2022-03-30T07:27:36+00:00","dateModified":"2024-07-22T12:36:28+00:00","description":"Helty apoya a los profesionales que dise\u00f1an, ofrecen e instalan sistemas de VMI con soluciones, servicios y formaci\u00f3n espec\u00edfica.","breadcrumb":{"@id":"https:\/\/helty-2022.mentine.net\/es\/profesionales\/#breadcrumb"},"inLanguage":"es","potentialAction":[{"@type":"ReadAction","target":["https:\/\/helty-2022.mentine.net\/es\/profesionales\/"]}]},{"@type":"BreadcrumbList","@id":"https:\/\/helty-2022.mentine.net\/es\/profesionales\/#breadcrumb","itemListElement":[{"@type":"ListItem","position":1,"name":"Home","item":"https:\/\/helty-2022.mentine.net\/es\/"},{"@type":"ListItem","position":2,"name":"Profesionales"}]},{"@type":"WebSite","@id":"https:\/\/helty-2022.mentine.net\/es\/#website","url":"https:\/\/helty-2022.mentine.net\/es\/","name":"Helty","description":"Aria pura per la tua casa","publisher":{"@id":"https:\/\/helty-2022.mentine.net\/es\/#organization"},"potentialAction":[{"@type":"SearchAction","target":{"@type":"EntryPoint","urlTemplate":"https:\/\/helty-2022.mentine.net\/es\/?s={search_term_string}"},"query-input":{"@type":"PropertyValueSpecification","valueRequired":true,"valueName":"search_term_string"}}],"inLanguage":"es"},{"@type":"Organization","@id":"https:\/\/helty-2022.mentine.net\/es\/#organization","name":"Helty srl","url":"https:\/\/helty-2022.mentine.net\/es\/","logo":{"@type":"ImageObject","inLanguage":"es","@id":"https:\/\/helty-2022.mentine.net\/es\/#\/schema\/logo\/image\/","url":"http:\/\/helty-2022.mentine.net\/wp-content\/uploads\/2022\/02\/Helty_logo_payoff1.jpg","contentUrl":"http:\/\/helty-2022.mentine.net\/wp-content\/uploads\/2022\/02\/Helty_logo_payoff1.jpg","width":2000,"height":793,"caption":"Helty srl"},"image":{"@id":"https:\/\/helty-2022.mentine.net\/es\/#\/schema\/logo\/image\/"},"sameAs":["https:\/\/www.facebook.com\/HeltyOfficial","https:\/\/www.instagram.com\/heltysrl","https:\/\/www.linkedin.com\/company\/18785237\/","https:\/\/www.youtube.com\/channel\/UCX9keynBErdTMgZoqTHd-iQ\/"]}]}},"_links":{"self":[{"href":"https:\/\/helty-2022.mentine.net\/es\/wp-json\/wp\/v2\/pages\/7824","targetHints":{"allow":["GET"]}}],"collection":[{"href":"https:\/\/helty-2022.mentine.net\/es\/wp-json\/wp\/v2\/pages"}],"about":[{"href":"https:\/\/helty-2022.mentine.net\/es\/wp-json\/wp\/v2\/types\/page"}],"author":[{"embeddable":true,"href":"https:\/\/helty-2022.mentine.net\/es\/wp-json\/wp\/v2\/users\/1"}],"replies":[{"embeddable":true,"href":"https:\/\/helty-2022.mentine.net\/es\/wp-json\/wp\/v2\/comments?post=7824"}],"version-history":[{"count":4,"href":"https:\/\/helty-2022.mentine.net\/es\/wp-json\/wp\/v2\/pages\/7824\/revisions"}],"predecessor-version":[{"id":14357,"href":"https:\/\/helty-2022.mentine.net\/es\/wp-json\/wp\/v2\/pages\/7824\/revisions\/14357"}],"wp:attachment":[{"href":"https:\/\/helty-2022.mentine.net\/es\/wp-json\/wp\/v2\/media?parent=7824"}],"curies":[{"name":"wp","href":"https:\/\/api.w.org\/{rel}","templated":true}]}}